{"id":232,"date":"2024-04-02T13:23:35","date_gmt":"2024-04-02T13:23:35","guid":{"rendered":"https:\/\/www.laletrans.com\/?page_id=232"},"modified":"2024-04-02T13:28:36","modified_gmt":"2024-04-02T13:28:36","slug":"aviso-legal","status":"publish","type":"page","link":"https:\/\/www.laletrans.com\/en\/aviso-legal\/","title":{"rendered":"Aviso legal"},"content":{"rendered":"<p>En cumplimiento de la Ley 34\/2002 de servicios de la sociedad de la informaci\u00f3n y de comercio electr\u00f3nico (BOE, n\u00ba 166, de 12 de Julio de 2002) exponemos p\u00fablicamente los datos de la empresa a la que se refiere esta Web.<\/p>\n\n\n\n<p><strong>Empresa: LALETRANS<br>N\u00famero de Identificaci\u00f3n Fiscal: 25426879B<br>Direcci\u00f3n: C. de Mar\u00eda Zayas Sotomayor, 14, 1\u00baB, 50018 Zaragoza<\/strong><\/p>\n\n\n\n<p><strong>Correo electr\u00f3nico: info@laletrans.com<br>Tel\u00e9fono de contacto: (+34) 648 05 10 15<\/strong><\/p>\n\n\n\n<p><strong>CONDICIONES GENERALES DE USO DEL SITIO WEB<\/strong><\/p>\n\n\n\n<p>LALETRANS (en adelante LALETRANS, con domicilio a efectos de notificaciones C. de Mar\u00eda Zayas Sotomayor, 14, 1\u00baB, 50018 Zaragoza, con 25426879B, pone a disposici\u00f3n en su sitio web <strong>https:\/\/laletrans.com\/<\/strong> determinados contenidos de car\u00e1cter informativo sobre sus actividades.<\/p>\n\n\n\n<p>Las presentes condiciones generales rigen \u00fanica y exclusivamente el uso del sitio web de LALETRANS por parte de los USUARIOS que accedan al mismo.<\/p>\n\n\n\n<p>Las presentes condiciones generales se le exponen al USUARIO en el sitio web <strong>https:\/\/laletrans.com\/ <\/strong>en todas y cada una de las p\u00e1ginas, para que las lea, las imprima, archive y acepte a trav\u00e9s de internet y se encuentre plenamente informado.<\/p>\n\n\n\n<p>El acceso al sitio web de LALETRANS implica sin reservas la aceptaci\u00f3n de las presentes condiciones generales de uso que el USUARIO afirma comprender en su totalidad. El USUARIO se compromete no a utilizar el sitio web y los servicios que se ofrecen en el mismo para la realizaci\u00f3n de actividades contrarias a la ley y a respetar en todo momento las presentes condiciones generales:<\/p>\n\n\n\n<p><strong>PRIMERA<\/strong><\/p>\n\n\n\n<p>El sitio web de LALETRANS ha sido realizado, por un lado, con el fin de poner a disposici\u00f3n de terceros informaci\u00f3n sobre sus actividades, as\u00ed como poder contactar con \u00e9l, para solicitarle informaci\u00f3n adicional y, por otro lado, poner a disposici\u00f3n de los usuarios la posibilidad de comprar los productos que se ofrecen. La solicitud de los servicios o art\u00edculos que se ofrecen para su compra en el sitio web, se regir\u00e1n por las condiciones generales de contrataci\u00f3n espec\u00edficas.<\/p>\n\n\n\n<p><strong>SEGUNDA.- CONDICIONES DE ACCESO Y USO<\/strong><\/p>\n\n\n\n<p>2.1.- La utilizaci\u00f3n del sitio web de LALETRANS, no conlleva la obligatoriedad de inscripci\u00f3n del USUARIO. Las condiciones de acceso y uso del presente sitio web se rigen estrictamente por la legalidad vigente y por el principio de buena fe, comprometi\u00e9ndose el USUARIO a realizar un buen uso de la web. Quedan prohibidos todos los actos que vulneren la legalidad, derechos o intereses de terceros: derecho a la intimidad, protecci\u00f3n de datos, propiedad intelectual etc. Expresamente LALETRANS proh\u00edbe los siguientes actos:<\/p>\n\n\n\n<p>2.1.1.- Realizar acciones que puedan producir en el sitio web o a trav\u00e9s del mismo por cualquier medio cualquier tipo de da\u00f1o a los sistemas de LALETRANS o a terceros.<br>2.1.2.- Realizar sin la debida autorizaci\u00f3n cualquier tipo de publicidad o informaci\u00f3n comercial directamente o de forma encubierta, el env\u00edo de correos masivos (\u201cspaming\u201d) o env\u00edo de grandes mensajes con el fin de bloquear servidores de la red (\u201cmail bombing\u201d).<\/p>\n\n\n\n<p>2.2.- LALETRANS podr\u00e1 interrumpir en cualquier momento el acceso a su sitio web, si detecta un uso contrario a la legalidad, la buena fe o a las presentes condiciones generales (ver cl\u00e1usula quinta).<\/p>\n\n\n\n<p><strong>TERCERA.- CONTENIDOS<\/strong><\/p>\n\n\n\n<p>Los contenidos incorporados a este sitio web han sido elaborados e incluidos por:<\/p>\n\n\n\n<p>3.1.- LALETRANS utilizando fuentes internas y externas, de tal modo que LALETRANS \u00fanicamente se hace responsable por los contenidos elaborados de forma interna.<br>3.2.- LALETRANS se reserva el derecho a modificar en cualquier momento los contenidos existentes en su sitio web. LALETRANS no asegura ni se responsabiliza del correcto funcionamiento de los enlaces a sitios web de terceros que figuren en https:\/\/laletrans.com\/.<\/p>\n\n\n\n<p><strong>CUARTA.- RESPONSABILIDAD<\/strong><\/p>\n\n\n\n<p>4.1.- LALETRANS en ning\u00fan caso ser\u00e1 responsable de:<br>4.1.1.- Los fallos e incidencias que pudieran producirse en las comunicaciones, borrado o transmisiones incompletas, de manera que no se garantiza que los servicios del sitio web est\u00e9n constantemente operativos<br>4.1.2.- De la producci\u00f3n de cualquier tipo de da\u00f1o que los USUARIOS o terceros pudiesen ocasionar en el sitio web.<br>4.1.3.- De la fiabilidad y veracidad de las informaciones introducidas por terceros en el sitio web, bien directamente, bien a trav\u00e9s de enlaces o links. Asimismo, LALETRANS colaborar\u00e1 y notificar\u00e1 a la autoridad competente estas incidencias en el momento en que tenga conocimiento fehaciente de que los da\u00f1os ocasionados constituyan cualquier tipo de actividad il\u00edcita.<\/p>\n\n\n\n<p>4.2.- LALETRANS se reserva el derecho a suspender el acceso sin previo aviso de forma discrecional y con car\u00e1cter definitivo o temporal hasta el aseguramiento de la efectiva responsabilidad de los da\u00f1os que pudieran producirse. Asimismo, LALETRANS colaborar\u00e1 y notificar\u00e1 a la autoridad competente estas incidencias en el momento en que tenga conocimiento fehaciente de que los da\u00f1os ocasionados constituyan cualquier tipo de actividad il\u00edcita.<\/p>\n\n\n\n<p><strong>QUINTA.- DERECHOS DE AUTOR Y MARCA<\/strong><\/p>\n\n\n\n<p>El sitio web de LALETRANS (los contenidos propios, la programaci\u00f3n y el dise\u00f1o del sitio web) se encuentra plenamente protegido por los derechos de autor, quedando expresamente prohibida toda reproducci\u00f3n, comunicaci\u00f3n, distribuci\u00f3n y transformaci\u00f3n de los referidos elementos protegidos, salvo consentimiento expreso de LALETRANS. Los materiales, tanto gr\u00e1ficos como escritos, enviados por los usuarios a trav\u00e9s de los medios que se ponen a su disposici\u00f3n en el sitio web, son propiedad del usuario que afirma al enviarlos su leg\u00edtima autor\u00eda y cede los derechos de reproducci\u00f3n y distribuci\u00f3n al PROPIETARIO.<\/p>\n\n\n\n<p><strong>SEXTA.- JURISDICCI\u00d3N Y LEY APLICABLE<\/strong><\/p>\n\n\n\n<p>El uso de nuestra p\u00e1gina web y los contratos de compra de productos a trav\u00e9s dicha p\u00e1gina web se regir\u00e1n por la legislaci\u00f3n espa\u00f1ola. Cualquier controversia que surja o guarde relaci\u00f3n con el uso de la p\u00e1gina web o con dichos contratos ser\u00e1 sometida a la jurisdicci\u00f3n exclusiva de los juzgados y tribunales de Zaragoza. Si usted est\u00e1 contratando como consumidor, nada en la presente cl\u00e1usula afectar\u00e1 a los derechos que como tal le reconoce la legislaci\u00f3n vigente.<\/p>\n\n\n\n<p><strong>S\u00c9PTIMA<\/strong><\/p>\n\n\n\n<p>En caso de que cualquier cl\u00e1usula del presente documento sea declarada nula, las dem\u00e1s cl\u00e1usulas seguir\u00e1n vigentes y se interpretar\u00e1n teniendo en cuenta la voluntad de las partes y la finalidad misma de las presentes condiciones. LALETRANS podr\u00e1 no ejercitar alguno de los derechos y facultades conferidos en este documento, lo que no implicar\u00e1 en ning\u00fan caso la renuncia a los mismos, salvo reconocimiento expreso por parte de LALETRANS.<\/p>","protected":false},"excerpt":{"rendered":"<p>En cumplimiento de la Ley 34\/2002 de servicios de la sociedad de la informaci\u00f3n y de comercio electr\u00f3nico (BOE, n\u00ba [&hellip;]<\/p>","protected":false},"author":1,"featured_media":0,"parent":0,"menu_order":0,"comment_status":"closed","ping_status":"closed","template":"","meta":{"site-sidebar-layout":"default","site-content-layout":"","ast-site-content-layout":"","site-content-style":"default","site-sidebar-style":"default","ast-global-header-display":"","ast-banner-title-visibility":"","ast-main-header-display":"","ast-hfb-above-header-display":"","ast-hfb-below-header-display":"","ast-hfb-mobile-header-display":"","site-post-title":"","ast-breadcrumbs-content":"","ast-featured-img":"","footer-sml-layout":"","theme-transparent-header-meta":"","adv-header-id-meta":"","stick-header-meta":"","header-above-stick-meta":"","header-main-stick-meta":"","header-below-stick-meta":"","astra-migrate-meta-layouts":"default","ast-page-background-enabled":"default","ast-page-background-meta":{"desktop":{"background-color":"var(--ast-global-color-4)","background-image":"","background-repeat":"repeat","background-position":"center center","background-size":"auto","background-attachment":"scroll","background-type":"","background-media":"","overlay-type":"","overlay-color":"","overlay-gradient":""},"tablet":{"background-color":"","background-image":"","background-repeat":"repeat","background-position":"center center","background-size":"auto","background-attachment":"scroll","background-type":"","background-media":"","overlay-type":"","overlay-color":"","overlay-gradient":""},"mobile":{"background-color":"","background-image":"","background-repeat":"repeat","background-position":"center center","background-size":"auto","background-attachment":"scroll","background-type":"","background-media":"","overlay-type":"","overlay-color":"","overlay-gradient":""}},"ast-content-background-meta":{"desktop":{"background-color":"var(--ast-global-color-5)","background-image":"","background-repeat":"repeat","background-position":"center center","background-size":"auto","background-attachment":"scroll","background-type":"","background-media":"","overlay-type":"","overlay-color":"","overlay-gradient":""},"tablet":{"background-color":"var(--ast-global-color-5)","background-image":"","background-repeat":"repeat","background-position":"center center","background-size":"auto","background-attachment":"scroll","background-type":"","background-media":"","overlay-type":"","overlay-color":"","overlay-gradient":""},"mobile":{"background-color":"var(--ast-global-color-5)","background-image":"","background-repeat":"repeat","background-position":"center center","background-size":"auto","background-attachment":"scroll","background-type":"","background-media":"","overlay-type":"","overlay-color":"","overlay-gradient":""}},"footnotes":""},"yoast_head":"<!-- This site is optimized with the Yoast SEO plugin v22.5 - https:\/\/yoast.com\/wordpress\/plugins\/seo\/ -->\n<title>Aviso Legal<\/title>\n<meta name=\"description\" content=\"P\u00e1gina de aviso legal\" \/>\n<meta name=\"robots\" content=\"index, follow, max-snippet:-1, max-image-preview:large, max-video-preview:-1\" \/>\n<link rel=\"canonical\" href=\"https:\/\/www.laletrans.com\/en\/aviso-legal\/\" \/>\n<meta property=\"og:locale\" content=\"en_US\" \/>\n<meta property=\"og:type\" content=\"article\" \/>\n<meta property=\"og:title\" content=\"Aviso Legal\" \/>\n<meta property=\"og:description\" content=\"P\u00e1gina de aviso legal\" \/>\n<meta property=\"og:url\" content=\"https:\/\/www.laletrans.com\/en\/aviso-legal\/\" \/>\n<meta property=\"og:site_name\" content=\"Laletrans\" \/>\n<meta property=\"article:modified_time\" content=\"2024-04-02T13:28:36+00:00\" \/>\n<meta name=\"twitter:card\" content=\"summary_large_image\" \/>\n<meta name=\"twitter:label1\" content=\"Est. reading time\" \/>\n\t<meta name=\"twitter:data1\" content=\"5 minutes\" \/>\n<script type=\"application\/ld+json\" class=\"yoast-schema-graph\">{\"@context\":\"https:\/\/schema.org\",\"@graph\":[{\"@type\":\"WebPage\",\"@id\":\"https:\/\/www.laletrans.com\/aviso-legal\/\",\"url\":\"https:\/\/www.laletrans.com\/aviso-legal\/\",\"name\":\"Aviso Legal\",\"isPartOf\":{\"@id\":\"https:\/\/www.laletrans.com\/#website\"},\"datePublished\":\"2024-04-02T13:23:35+00:00\",\"dateModified\":\"2024-04-02T13:28:36+00:00\",\"description\":\"P\u00e1gina de aviso legal\",\"breadcrumb\":{\"@id\":\"https:\/\/www.laletrans.com\/aviso-legal\/#breadcrumb\"},\"inLanguage\":\"en-US\",\"potentialAction\":[{\"@type\":\"ReadAction\",\"target\":[\"https:\/\/www.laletrans.com\/aviso-legal\/\"]}]},{\"@type\":\"BreadcrumbList\",\"@id\":\"https:\/\/www.laletrans.com\/aviso-legal\/#breadcrumb\",\"itemListElement\":[{\"@type\":\"ListItem\",\"position\":1,\"name\":\"Portada\",\"item\":\"https:\/\/www.laletrans.com\/\"},{\"@type\":\"ListItem\",\"position\":2,\"name\":\"Aviso legal\"}]},{\"@type\":\"WebSite\",\"@id\":\"https:\/\/www.laletrans.com\/#website\",\"url\":\"https:\/\/www.laletrans.com\/\",\"name\":\"Laletrans\",\"description\":\"Expertos en el transporte de mercanc\u00edas r\u00e1pido con plena disposici\u00f3n\",\"publisher\":{\"@id\":\"https:\/\/www.laletrans.com\/#organization\"},\"potentialAction\":[{\"@type\":\"SearchAction\",\"target\":{\"@type\":\"EntryPoint\",\"urlTemplate\":\"https:\/\/www.laletrans.com\/?s={search_term_string}\"},\"query-input\":\"required name=search_term_string\"}],\"inLanguage\":\"en-US\"},{\"@type\":\"Organization\",\"@id\":\"https:\/\/www.laletrans.com\/#organization\",\"name\":\"Laletrans\",\"alternateName\":\"Laletrans\",\"url\":\"https:\/\/www.laletrans.com\/\",\"logo\":{\"@type\":\"ImageObject\",\"inLanguage\":\"en-US\",\"@id\":\"https:\/\/www.laletrans.com\/#\/schema\/logo\/image\/\",\"url\":\"https:\/\/www.laletrans.com\/wp-content\/uploads\/2024\/03\/wepik-monocolor-truck-transportation-logistics-logo-20240307125735C9vQ-1.png\",\"contentUrl\":\"https:\/\/www.laletrans.com\/wp-content\/uploads\/2024\/03\/wepik-monocolor-truck-transportation-logistics-logo-20240307125735C9vQ-1.png\",\"width\":101,\"height\":114,\"caption\":\"Laletrans\"},\"image\":{\"@id\":\"https:\/\/www.laletrans.com\/#\/schema\/logo\/image\/\"}}]}<\/script>\n<!-- \/ Yoast SEO plugin. -->","yoast_head_json":{"title":"Aviso Legal","description":"P\u00e1gina de aviso legal","robots":{"index":"index","follow":"follow","max-snippet":"max-snippet:-1","max-image-preview":"max-image-preview:large","max-video-preview":"max-video-preview:-1"},"canonical":"https:\/\/www.laletrans.com\/en\/aviso-legal\/","og_locale":"en_US","og_type":"article","og_title":"Aviso Legal","og_description":"P\u00e1gina de aviso legal","og_url":"https:\/\/www.laletrans.com\/en\/aviso-legal\/","og_site_name":"Laletrans","article_modified_time":"2024-04-02T13:28:36+00:00","twitter_card":"summary_large_image","twitter_misc":{"Est. reading time":"5 minutes"},"schema":{"@context":"https:\/\/schema.org","@graph":[{"@type":"WebPage","@id":"https:\/\/www.laletrans.com\/aviso-legal\/","url":"https:\/\/www.laletrans.com\/aviso-legal\/","name":"Aviso Legal","isPartOf":{"@id":"https:\/\/www.laletrans.com\/#website"},"datePublished":"2024-04-02T13:23:35+00:00","dateModified":"2024-04-02T13:28:36+00:00","description":"P\u00e1gina de aviso legal","breadcrumb":{"@id":"https:\/\/www.laletrans.com\/aviso-legal\/#breadcrumb"},"inLanguage":"en-US","potentialAction":[{"@type":"ReadAction","target":["https:\/\/www.laletrans.com\/aviso-legal\/"]}]},{"@type":"BreadcrumbList","@id":"https:\/\/www.laletrans.com\/aviso-legal\/#breadcrumb","itemListElement":[{"@type":"ListItem","position":1,"name":"Portada","item":"https:\/\/www.laletrans.com\/"},{"@type":"ListItem","position":2,"name":"Aviso legal"}]},{"@type":"WebSite","@id":"https:\/\/www.laletrans.com\/#website","url":"https:\/\/www.laletrans.com\/","name":"Laletrans","description":"Expertos en el transporte de mercanc\u00edas r\u00e1pido con plena disposici\u00f3n","publisher":{"@id":"https:\/\/www.laletrans.com\/#organization"},"potentialAction":[{"@type":"SearchAction","target":{"@type":"EntryPoint","urlTemplate":"https:\/\/www.laletrans.com\/?s={search_term_string}"},"query-input":"required name=search_term_string"}],"inLanguage":"en-US"},{"@type":"Organization","@id":"https:\/\/www.laletrans.com\/#organization","name":"Laletrans","alternateName":"Laletrans","url":"https:\/\/www.laletrans.com\/","logo":{"@type":"ImageObject","inLanguage":"en-US","@id":"https:\/\/www.laletrans.com\/#\/schema\/logo\/image\/","url":"https:\/\/www.laletrans.com\/wp-content\/uploads\/2024\/03\/wepik-monocolor-truck-transportation-logistics-logo-20240307125735C9vQ-1.png","contentUrl":"https:\/\/www.laletrans.com\/wp-content\/uploads\/2024\/03\/wepik-monocolor-truck-transportation-logistics-logo-20240307125735C9vQ-1.png","width":101,"height":114,"caption":"Laletrans"},"image":{"@id":"https:\/\/www.laletrans.com\/#\/schema\/logo\/image\/"}}]}},"_links":{"self":[{"href":"https:\/\/www.laletrans.com\/en\/wp-json\/wp\/v2\/pages\/232"}],"collection":[{"href":"https:\/\/www.laletrans.com\/en\/wp-json\/wp\/v2\/pages"}],"about":[{"href":"https:\/\/www.laletrans.com\/en\/wp-json\/wp\/v2\/types\/page"}],"author":[{"embeddable":true,"href":"https:\/\/www.laletrans.com\/en\/wp-json\/wp\/v2\/users\/1"}],"replies":[{"embeddable":true,"href":"https:\/\/www.laletrans.com\/en\/wp-json\/wp\/v2\/comments?post=232"}],"version-history":[{"count":4,"href":"https:\/\/www.laletrans.com\/en\/wp-json\/wp\/v2\/pages\/232\/revisions"}],"predecessor-version":[{"id":238,"href":"https:\/\/www.laletrans.com\/en\/wp-json\/wp\/v2\/pages\/232\/revisions\/238"}],"wp:attachment":[{"href":"https:\/\/www.laletrans.com\/en\/wp-json\/wp\/v2\/media?parent=232"}],"curies":[{"name":"wp","href":"https:\/\/api.w.org\/{rel}","templated":true}]}}