{"id":222,"date":"2024-04-02T13:01:41","date_gmt":"2024-04-02T13:01:41","guid":{"rendered":"https:\/\/www.laletrans.com\/?page_id=222"},"modified":"2024-04-02T13:17:43","modified_gmt":"2024-04-02T13:17:43","slug":"cookie-declaration","status":"publish","type":"page","link":"https:\/\/www.laletrans.com\/en\/cookie-declaration\/","title":{"rendered":"Cookie Declaration"},"content":{"rendered":"<script\n\t\ttype=\"text\/javascript\"\n\t\tid=\"CookieDeclaration\"\n\t\tsrc=\"https:\/\/consent.cookiebot.com\/7a639da8-23b9-41a3-b0b1-7a3b11dc7a70\/cd.js\"\n\t\t\t\t\tdata-culture=\"ES\"\n\t\t\t\tasync><\/script>","protected":false},"excerpt":{"rendered":"","protected":false},"author":1,"featured_media":0,"parent":0,"menu_order":0,"comment_status":"closed","ping_status":"closed","template":"","meta":{"site-sidebar-layout":"default","site-content-layout":"","ast-site-content-layout":"","site-content-style":"default","site-sidebar-style":"default","ast-global-header-display":"","ast-banner-title-visibility":"","ast-main-header-display":"","ast-hfb-above-header-display":"","ast-hfb-below-header-display":"","ast-hfb-mobile-header-display":"","site-post-title":"","ast-breadcrumbs-content":"","ast-featured-img":"","footer-sml-layout":"","theme-transparent-header-meta":"","adv-header-id-meta":"","stick-header-meta":"","header-above-stick-meta":"","header-main-stick-meta":"","header-below-stick-meta":"","astra-migrate-meta-layouts":"default","ast-page-background-enabled":"default","ast-page-background-meta":{"desktop":{"background-color":"var(--ast-global-color-4)","background-image":"","background-repeat":"repeat","background-position":"center center","background-size":"auto","background-attachment":"scroll","background-type":"","background-media":"","overlay-type":"","overlay-color":"","overlay-gradient":""},"tablet":{"background-color":"","background-image":"","background-repeat":"repeat","background-position":"center center","background-size":"auto","background-attachment":"scroll","background-type":"","background-media":"","overlay-type":"","overlay-color":"","overlay-gradient":""},"mobile":{"background-color":"","background-image":"","background-repeat":"repeat","background-position":"center center","background-size":"auto","background-attachment":"scroll","background-type":"","background-media":"","overlay-type":"","overlay-color":"","overlay-gradient":""}},"ast-content-background-meta":{"desktop":{"background-color":"var(--ast-global-color-5)","background-image":"","background-repeat":"repeat","background-position":"center center","background-size":"auto","background-attachment":"scroll","background-type":"","background-media":"","overlay-type":"","overlay-color":"","overlay-gradient":""},"tablet":{"background-color":"var(--ast-global-color-5)","background-image":"","background-repeat":"repeat","background-position":"center center","background-size":"auto","background-attachment":"scroll","background-type":"","background-media":"","overlay-type":"","overlay-color":"","overlay-gradient":""},"mobile":{"background-color":"var(--ast-global-color-5)","background-image":"","background-repeat":"repeat","background-position":"center center","background-size":"auto","background-attachment":"scroll","background-type":"","background-media":"","overlay-type":"","overlay-color":"","overlay-gradient":""}},"footnotes":""},"yoast_head":"<!-- This site is optimized with the Yoast SEO plugin v22.5 - https:\/\/yoast.com\/wordpress\/plugins\/seo\/ -->\n<title>Cookies<\/title>\n<meta name=\"description\" content=\"Pol\u00edtica de Cookies\" \/>\n<meta name=\"robots\" content=\"index, follow, max-snippet:-1, max-image-preview:large, max-video-preview:-1\" \/>\n<link rel=\"canonical\" href=\"https:\/\/www.laletrans.com\/en\/cookie-declaration\/\" \/>\n<meta property=\"og:locale\" content=\"en_US\" \/>\n<meta property=\"og:type\" content=\"article\" \/>\n<meta property=\"og:title\" content=\"Cookies\" \/>\n<meta property=\"og:description\" content=\"Pol\u00edtica de Cookies\" \/>\n<meta property=\"og:url\" content=\"https:\/\/www.laletrans.com\/en\/cookie-declaration\/\" \/>\n<meta property=\"og:site_name\" content=\"Laletrans\" \/>\n<meta property=\"article:modified_time\" content=\"2024-04-02T13:17:43+00:00\" \/>\n<meta name=\"twitter:card\" content=\"summary_large_image\" \/>\n<meta name=\"twitter:label1\" content=\"Est. reading time\" \/>\n\t<meta name=\"twitter:data1\" content=\"1 minute\" \/>\n<script type=\"application\/ld+json\" class=\"yoast-schema-graph\">{\"@context\":\"https:\/\/schema.org\",\"@graph\":[{\"@type\":\"WebPage\",\"@id\":\"https:\/\/www.laletrans.com\/cookie-declaration\/\",\"url\":\"https:\/\/www.laletrans.com\/cookie-declaration\/\",\"name\":\"Cookies\",\"isPartOf\":{\"@id\":\"https:\/\/www.laletrans.com\/#website\"},\"datePublished\":\"2024-04-02T13:01:41+00:00\",\"dateModified\":\"2024-04-02T13:17:43+00:00\",\"description\":\"Pol\u00edtica de Cookies\",\"breadcrumb\":{\"@id\":\"https:\/\/www.laletrans.com\/cookie-declaration\/#breadcrumb\"},\"inLanguage\":\"en-US\",\"potentialAction\":[{\"@type\":\"ReadAction\",\"target\":[\"https:\/\/www.laletrans.com\/cookie-declaration\/\"]}]},{\"@type\":\"BreadcrumbList\",\"@id\":\"https:\/\/www.laletrans.com\/cookie-declaration\/#breadcrumb\",\"itemListElement\":[{\"@type\":\"ListItem\",\"position\":1,\"name\":\"Portada\",\"item\":\"https:\/\/www.laletrans.com\/\"},{\"@type\":\"ListItem\",\"position\":2,\"name\":\"Cookie Declaration\"}]},{\"@type\":\"WebSite\",\"@id\":\"https:\/\/www.laletrans.com\/#website\",\"url\":\"https:\/\/www.laletrans.com\/\",\"name\":\"Laletrans\",\"description\":\"Expertos en el transporte de mercanc\u00edas r\u00e1pido con plena disposici\u00f3n\",\"publisher\":{\"@id\":\"https:\/\/www.laletrans.com\/#organization\"},\"potentialAction\":[{\"@type\":\"SearchAction\",\"target\":{\"@type\":\"EntryPoint\",\"urlTemplate\":\"https:\/\/www.laletrans.com\/?s={search_term_string}\"},\"query-input\":\"required name=search_term_string\"}],\"inLanguage\":\"en-US\"},{\"@type\":\"Organization\",\"@id\":\"https:\/\/www.laletrans.com\/#organization\",\"name\":\"Laletrans\",\"alternateName\":\"Laletrans\",\"url\":\"https:\/\/www.laletrans.com\/\",\"logo\":{\"@type\":\"ImageObject\",\"inLanguage\":\"en-US\",\"@id\":\"https:\/\/www.laletrans.com\/#\/schema\/logo\/image\/\",\"url\":\"https:\/\/www.laletrans.com\/wp-content\/uploads\/2024\/03\/wepik-monocolor-truck-transportation-logistics-logo-20240307125735C9vQ-1.png\",\"contentUrl\":\"https:\/\/www.laletrans.com\/wp-content\/uploads\/2024\/03\/wepik-monocolor-truck-transportation-logistics-logo-20240307125735C9vQ-1.png\",\"width\":101,\"height\":114,\"caption\":\"Laletrans\"},\"image\":{\"@id\":\"https:\/\/www.laletrans.com\/#\/schema\/logo\/image\/\"}}]}<\/script>\n<!-- \/ Yoast SEO plugin. -->","yoast_head_json":{"title":"Cookies","description":"Pol\u00edtica de Cookies","robots":{"index":"index","follow":"follow","max-snippet":"max-snippet:-1","max-image-preview":"max-image-preview:large","max-video-preview":"max-video-preview:-1"},"canonical":"https:\/\/www.laletrans.com\/en\/cookie-declaration\/","og_locale":"en_US","og_type":"article","og_title":"Cookies","og_description":"Pol\u00edtica de Cookies","og_url":"https:\/\/www.laletrans.com\/en\/cookie-declaration\/","og_site_name":"Laletrans","article_modified_time":"2024-04-02T13:17:43+00:00","twitter_card":"summary_large_image","twitter_misc":{"Est. reading time":"1 minute"},"schema":{"@context":"https:\/\/schema.org","@graph":[{"@type":"WebPage","@id":"https:\/\/www.laletrans.com\/cookie-declaration\/","url":"https:\/\/www.laletrans.com\/cookie-declaration\/","name":"Cookies","isPartOf":{"@id":"https:\/\/www.laletrans.com\/#website"},"datePublished":"2024-04-02T13:01:41+00:00","dateModified":"2024-04-02T13:17:43+00:00","description":"Pol\u00edtica de Cookies","breadcrumb":{"@id":"https:\/\/www.laletrans.com\/cookie-declaration\/#breadcrumb"},"inLanguage":"en-US","potentialAction":[{"@type":"ReadAction","target":["https:\/\/www.laletrans.com\/cookie-declaration\/"]}]},{"@type":"BreadcrumbList","@id":"https:\/\/www.laletrans.com\/cookie-declaration\/#breadcrumb","itemListElement":[{"@type":"ListItem","position":1,"name":"Portada","item":"https:\/\/www.laletrans.com\/"},{"@type":"ListItem","position":2,"name":"Cookie Declaration"}]},{"@type":"WebSite","@id":"https:\/\/www.laletrans.com\/#website","url":"https:\/\/www.laletrans.com\/","name":"Laletrans","description":"Expertos en el transporte de mercanc\u00edas r\u00e1pido con plena disposici\u00f3n","publisher":{"@id":"https:\/\/www.laletrans.com\/#organization"},"potentialAction":[{"@type":"SearchAction","target":{"@type":"EntryPoint","urlTemplate":"https:\/\/www.laletrans.com\/?s={search_term_string}"},"query-input":"required name=search_term_string"}],"inLanguage":"en-US"},{"@type":"Organization","@id":"https:\/\/www.laletrans.com\/#organization","name":"Laletrans","alternateName":"Laletrans","url":"https:\/\/www.laletrans.com\/","logo":{"@type":"ImageObject","inLanguage":"en-US","@id":"https:\/\/www.laletrans.com\/#\/schema\/logo\/image\/","url":"https:\/\/www.laletrans.com\/wp-content\/uploads\/2024\/03\/wepik-monocolor-truck-transportation-logistics-logo-20240307125735C9vQ-1.png","contentUrl":"https:\/\/www.laletrans.com\/wp-content\/uploads\/2024\/03\/wepik-monocolor-truck-transportation-logistics-logo-20240307125735C9vQ-1.png","width":101,"height":114,"caption":"Laletrans"},"image":{"@id":"https:\/\/www.laletrans.com\/#\/schema\/logo\/image\/"}}]}},"_links":{"self":[{"href":"https:\/\/www.laletrans.com\/en\/wp-json\/wp\/v2\/pages\/222"}],"collection":[{"href":"https:\/\/www.laletrans.com\/en\/wp-json\/wp\/v2\/pages"}],"about":[{"href":"https:\/\/www.laletrans.com\/en\/wp-json\/wp\/v2\/types\/page"}],"author":[{"embeddable":true,"href":"https:\/\/www.laletrans.com\/en\/wp-json\/wp\/v2\/users\/1"}],"replies":[{"embeddable":true,"href":"https:\/\/www.laletrans.com\/en\/wp-json\/wp\/v2\/comments?post=222"}],"version-history":[{"count":1,"href":"https:\/\/www.laletrans.com\/en\/wp-json\/wp\/v2\/pages\/222\/revisions"}],"predecessor-version":[{"id":223,"href":"https:\/\/www.laletrans.com\/en\/wp-json\/wp\/v2\/pages\/222\/revisions\/223"}],"wp:attachment":[{"href":"https:\/\/www.laletrans.com\/en\/wp-json\/wp\/v2\/media?parent=222"}],"curies":[{"name":"wp","href":"https:\/\/api.w.org\/{rel}","templated":true}]}}